{"id":3455,"date":"2021-06-25T11:25:58","date_gmt":"2021-06-25T14:25:58","guid":{"rendered":"https:\/\/calzasalipapamayorista.com.ar\/?page_id=3455"},"modified":"2021-06-25T14:54:33","modified_gmt":"2021-06-25T17:54:33","slug":"envios","status":"publish","type":"page","link":"https:\/\/calzasalipapamayorista.com.ar\/?page_id=3455","title":{"rendered":"Env\u00edos"},"content":{"rendered":"\t\t<div data-elementor-type=\"wp-page\" data-elementor-id=\"3455\" class=\"elementor elementor-3455\">\n\t\t\t\t\t\t<section class=\"elementor-section elementor-top-section elementor-element elementor-element-7bb231a elementor-section-boxed elementor-section-height-default elementor-section-height-default\" data-id=\"7bb231a\" data-element_type=\"section\">\n\t\t\t\t\t\t<div class=\"elementor-container elementor-column-gap-default\">\n\t\t\t\t\t<div class=\"elementor-column elementor-col-100 elementor-top-column elementor-element elementor-element-2c94073\" data-id=\"2c94073\" data-element_type=\"column\">\n\t\t\t<div class=\"elementor-widget-wrap elementor-element-populated\">\n\t\t\t\t\t\t<div class=\"elementor-element elementor-element-36dc8cc elementor-widget elementor-widget-heading\" data-id=\"36dc8cc\" data-element_type=\"widget\" data-widget_type=\"heading.default\">\n\t\t\t\t<div class=\"elementor-widget-container\">\n\t\t\t\t\t<h2 class=\"elementor-heading-title elementor-size-default\">Env\u00edos<\/h2>\t\t\t\t<\/div>\n\t\t\t\t<\/div>\n\t\t\t\t<div class=\"elementor-element elementor-element-a3abcbc elementor-widget elementor-widget-text-editor\" data-id=\"a3abcbc\" data-element_type=\"widget\" data-widget_type=\"text-editor.default\">\n\t\t\t\t<div class=\"elementor-widget-container\">\n\t\t\t\t\t\t\t\t\t<p>Todos los env\u00edos de mercader\u00eda quedan a cargo del comprador,\u00a0<strong>PAGO EN DESTINO<\/strong>.<\/p><p>Una vez que realices el pago de tu compra, te solicitaremos tus datos de contacto (<strong>No olvides en respondernos!<\/strong>) y nos comunicaremos con vos para pactar el m\u00e9todo de env\u00edo que prefieras:<\/p><p>Las entregas se realizan por medio de las siguientes empresas de transporte y correo, las cuales podr\u00e1s seleccionar seg\u00fan preferencia para luego cotizar:<\/p><ul><li><strong>OCA<\/strong><\/li><li><strong>Correo Argentino<\/strong><\/li><li><strong>POR ENCOMIENDA: Via Cargo, Send Box y Buspack Express<\/strong><\/li><\/ul><p>Las empresas de transporte trabajan con los siguientes expresos:<\/p><ul><li><strong>Send Box<\/strong>: BusPack Express,\u00a0Crucero del norte, Curcero Express, Urquiza, Condor Estrella, Flecha Bus, La Veloz del Norte, Plusmar, Andermar, Chevallier<\/li><li><strong>Via Cargo:<\/strong>\u00a0Via Bariloche, Don Otto, Plusmar, Rapido Tata, Via Tac, Flecha Bus, Chevallier,<br \/>Pullman, Urquiza, Condor Estrella<\/li><li><strong>Otras empresas de Transporte<\/strong><\/li><\/ul><p>Todos los env\u00edos tienen servicio de seguimiento de los paquetes por medio de rastreo on-line. Para ello se debe conservar el n\u00famero de gu\u00eda del env\u00edo.<\/p><ul><li><strong>OCA:<\/strong>\u00a0<a href=\"http:\/\/www.oca.com.ar\/\">http:\/\/www.oca.com.ar<\/a><\/li><li><strong>VIA CARGO:<\/strong>\u00a0<a href=\"http:\/\/www.viacargo.com.ar\/tracking\">http:\/\/www.viacargo.com.ar\/tracking<\/a><\/li><li><strong>SEND BOX:\u00a0<\/strong><a href=\"http:\/\/www.sendbox.com.ar\/seguimiento-de-envios\/\" target=\"_blank\" rel=\"noreferrer noopener\">http:\/\/www.sendbox.com.ar\/seguimiento-de-envios<\/a><\/li><li><strong>BUSPACK EXPRESS:<\/strong>\u00a0<a href=\"http:\/\/www.buspack.com.ar\/\" target=\"_blank\" rel=\"noreferrer noopener\">http:\/\/www.buspack.com.ar<\/a><\/li><\/ul><p>Las entregas se realizan s\u00f3lo dentro del territorio Argentino, ya sea en domicilio particular o en la terminal de bus de tu ciudad.<\/p><p>Solicitamos antes de finalizar la compra verificar los datos (nombre, domicilio, ciudad, c\u00f3digo postal y tel\u00e9fono).<\/p><p><strong>\u00bfQu\u00e9 debo hacer si pasaron los tiempos estipulados, pero no recib\u00ed mi pedido?<\/strong><\/p><p>Ante cualquier inconveniente por favor comunicate con <strong>Alipapa,\u00a0<\/strong>enviando un\u00a0<strong>WhatsApp\u00a0<\/strong>al <strong><a href=\"http:\/\/wa.me\/5491173677200\">+54 9 1173677200<\/a><\/strong> en el horario de atenci\u00f3n (8\u00a0a 17hs).<\/p><p>*A partir del momento que se despacha la mercader\u00eda,\u00a0<strong>Alipapa<\/strong> no se responsabiliza de problemas improvistos relacionado al env\u00edo. Todas las mercader\u00edas se despachan aseguradas, quedando la empresa de transporte el \u00fanico responsable.<\/p><p>*<strong>Alipapa<\/strong>\u00a0NO SE HACE CARGO DEL COSTO DE ENV\u00cdO FRENTE A LAS CANCELACIONES DE LAS COMPRAS YA ABONADAS Y DESPACHADAS.<br \/>EN TAL CASO, SE LE DESCONTAR\u00c1 EL MONTO CORRESPONDIENTE.<\/p>\t\t\t\t\t\t\t\t<\/div>\n\t\t\t\t<\/div>\n\t\t\t\t\t<\/div>\n\t\t<\/div>\n\t\t\t\t\t<\/div>\n\t\t<\/section>\n\t\t\t\t<\/div>\n\t\t","protected":false},"excerpt":{"rendered":"<p>Env\u00edos Todos los env\u00edos de mercader\u00eda quedan a cargo del comprador,\u00a0PAGO EN DESTINO. Una vez que realices el pago de tu compra, te solicitaremos tus datos de contacto (No olvides en respondernos!) y nos comunicaremos con vos para pactar el m\u00e9todo de env\u00edo que prefieras: Las entregas se realizan por medio de las siguientes empresas [&hellip;]<\/p>\n","protected":false},"author":2,"featured_media":0,"parent":0,"menu_order":0,"comment_status":"closed","ping_status":"closed","template":"","meta":{"site-sidebar-layout":"no-sidebar","site-content-layout":"page-builder","ast-site-content-layout":"default","site-content-style":"default","site-sidebar-style":"default","ast-global-header-display":"","ast-banner-title-visibility":"","ast-main-header-display":"","ast-hfb-above-header-display":"","ast-hfb-below-header-display":"","ast-hfb-mobile-header-display":"","site-post-title":"disabled","ast-breadcrumbs-content":"","ast-featured-img":"disabled","footer-sml-layout":"","ast-disable-related-posts":"","theme-transparent-header-meta":"default","adv-header-id-meta":"","stick-header-meta":"","header-above-stick-meta":"","header-main-stick-meta":"","header-below-stick-meta":"","astra-migrate-meta-layouts":"default","ast-page-background-enabled":"default","ast-page-background-meta":{"desktop":{"background-color":"","background-image":"","background-repeat":"repeat","background-position":"center center","background-size":"auto","background-attachment":"scroll","background-type":"","background-media":"","overlay-type":"","overlay-color":"","overlay-opacity":"","overlay-gradient":""},"tablet":{"background-color":"","background-image":"","background-repeat":"repeat","background-position":"center center","background-size":"auto","background-attachment":"scroll","background-type":"","background-media":"","overlay-type":"","overlay-color":"","overlay-opacity":"","overlay-gradient":""},"mobile":{"background-color":"","background-image":"","background-repeat":"repeat","background-position":"center center","background-size":"auto","background-attachment":"scroll","background-type":"","background-media":"","overlay-type":"","overlay-color":"","overlay-opacity":"","overlay-gradient":""}},"ast-content-background-meta":{"desktop":{"background-color":"var(--ast-global-color-5)","background-image":"","background-repeat":"repeat","background-position":"center center","background-size":"auto","background-attachment":"scroll","background-type":"","background-media":"","overlay-type":"","overlay-color":"","overlay-opacity":"","overlay-gradient":""},"tablet":{"background-color":"var(--ast-global-color-5)","background-image":"","background-repeat":"repeat","background-position":"center center","background-size":"auto","background-attachment":"scroll","background-type":"","background-media":"","overlay-type":"","overlay-color":"","overlay-opacity":"","overlay-gradient":""},"mobile":{"background-color":"var(--ast-global-color-5)","background-image":"","background-repeat":"repeat","background-position":"center center","background-size":"auto","background-attachment":"scroll","background-type":"","background-media":"","overlay-type":"","overlay-color":"","overlay-opacity":"","overlay-gradient":""}},"footnotes":""},"class_list":["post-3455","page","type-page","status-publish","hentry"],"_links":{"self":[{"href":"https:\/\/calzasalipapamayorista.com.ar\/index.php?rest_route=\/wp\/v2\/pages\/3455","targetHints":{"allow":["GET"]}}],"collection":[{"href":"https:\/\/calzasalipapamayorista.com.ar\/index.php?rest_route=\/wp\/v2\/pages"}],"about":[{"href":"https:\/\/calzasalipapamayorista.com.ar\/index.php?rest_route=\/wp\/v2\/types\/page"}],"author":[{"embeddable":true,"href":"https:\/\/calzasalipapamayorista.com.ar\/index.php?rest_route=\/wp\/v2\/users\/2"}],"replies":[{"embeddable":true,"href":"https:\/\/calzasalipapamayorista.com.ar\/index.php?rest_route=%2Fwp%2Fv2%2Fcomments&post=3455"}],"version-history":[{"count":0,"href":"https:\/\/calzasalipapamayorista.com.ar\/index.php?rest_route=\/wp\/v2\/pages\/3455\/revisions"}],"wp:attachment":[{"href":"https:\/\/calzasalipapamayorista.com.ar\/index.php?rest_route=%2Fwp%2Fv2%2Fmedia&parent=3455"}],"curies":[{"name":"wp","href":"https:\/\/api.w.org\/{rel}","templated":true}]}}