{"id":3994,"date":"2021-06-30T10:10:02","date_gmt":"2021-06-30T13:10:02","guid":{"rendered":"https:\/\/calzasalipapamayorista.com.ar\/?page_id=3994"},"modified":"2021-06-30T10:19:35","modified_gmt":"2021-06-30T13:19:35","slug":"politica-de-cambios","status":"publish","type":"page","link":"https:\/\/calzasalipapamayorista.com.ar\/?page_id=3994","title":{"rendered":"Pol\u00edtica de Cambios"},"content":{"rendered":"\t\t<div data-elementor-type=\"wp-page\" data-elementor-id=\"3994\" class=\"elementor elementor-3994\">\n\t\t\t\t\t\t<section class=\"elementor-section elementor-top-section elementor-element elementor-element-eb30a12 elementor-section-boxed elementor-section-height-default elementor-section-height-default\" data-id=\"eb30a12\" data-element_type=\"section\">\n\t\t\t\t\t\t<div class=\"elementor-container elementor-column-gap-default\">\n\t\t\t\t\t<div class=\"elementor-column elementor-col-100 elementor-top-column elementor-element elementor-element-04f6158\" data-id=\"04f6158\" data-element_type=\"column\">\n\t\t\t<div class=\"elementor-widget-wrap elementor-element-populated\">\n\t\t\t\t\t\t<div class=\"elementor-element elementor-element-76c8253 elementor-widget elementor-widget-heading\" data-id=\"76c8253\" data-element_type=\"widget\" data-widget_type=\"heading.default\">\n\t\t\t\t<div class=\"elementor-widget-container\">\n\t\t\t\t\t<h2 class=\"elementor-heading-title elementor-size-default\">Pol\u00edtica de Cambios<\/h2>\t\t\t\t<\/div>\n\t\t\t\t<\/div>\n\t\t\t\t<div class=\"elementor-element elementor-element-2726438 elementor-widget elementor-widget-text-editor\" data-id=\"2726438\" data-element_type=\"widget\" data-widget_type=\"text-editor.default\">\n\t\t\t\t<div class=\"elementor-widget-container\">\n\t\t\t\t\t\t\t\t\t<p><strong>\u00bfQu\u00e9 productos se pueden cambiar o devolver?<\/strong><\/p><p><strong>\u00a0 \u00a0 \u00a0 \u00a0Se aceptan<\/strong>\u00a0cambios o devoluciones de productos por\u00a0<strong>Talle y Color del mismo modelo comporado<\/strong>.\u00a0<strong>No se cambia de modelo<\/strong>. Si el o los productos presentan alg\u00fan defecto de fabricaci\u00f3n o fueran despachados err\u00f3neamente, el usuario deber\u00e1 comunicarse con nosotros dentro del plazo de cinco d\u00edas corridos(SIN HABER USADO LA PRENDA), contados a partir de la fecha de entrega del producto, para que se proceda la gesti\u00f3n.<\/p><p><strong>\u00a0 \u00a0 \u00a0 \u00a0Alipapa<\/strong>\u00a0no cubre defectos por prendas usadas, con uso indebido o abuso del producto, siendo el cliente, en este caso, el \u00fanico responsable.<\/p><p><strong>\u00bfC\u00f3mo proceder un cambio?<\/strong><\/p><p><strong>\u00a0 \u00a0 \u00a0 \u00a0<\/strong>En caso de recibir una mercader\u00eda fallada o querer hacer un cambio, solicitamos que visiten nuestro local en\u00a0<strong>Dr. Juan Felipe Aranguren 3487, Floresta, Ciudad Aut\u00f3noma de Buenos Aires<\/strong> y\/o nos comuniquen a nuestro contacto de <strong>Whatsapp al\u00a0<a href=\"https:\/\/wa.me\/5491173677200\">+54 9 1173677200<\/a>,<\/strong> especificando el motivo con el <strong>NRO DE COMPRA.\u00a0<\/strong>En brevedad estaremos comunic\u00e1ndonos con ustedes.<br \/><strong>\u00a0 \u00a0 \u00a0 \u00a0<\/strong>Una vez notificada y verificada la cuesti\u00f3n, el cliente podr\u00e1 optar por:<\/p><ul><li>Recibir una\u00a0<strong>Nota de Cr\u00e9dito<\/strong> a favor del monto igual a la prenda en cuesti\u00f3n, para ser aplicada en la pr\u00f3xima compra online.<\/li><li>Elegir un producto de igual precio y solicitar env\u00edo a domicilio (Costo de env\u00edo a cargo del usuario)<\/li><li>Realizar el cambio en nuestro local en <strong>Dr. Juan Felipe Aranguren 3487, Floresta, Ciudad Aut\u00f3noma de Buenos Aires<\/strong><\/li><\/ul><p><strong>\u00a0 \u00a0 \u00a0 \u00a0<\/strong>Si ten\u00e9s alguna duda de c\u00f3mo proceder, pod\u00e9s enviarnos un <strong>WhatsApp<\/strong> al <strong>\u00a0<a href=\"https:\/\/wa.me\/5491173677200\">+54 9 1173677200<\/a><\/strong>\u00a0en el horario de atenci\u00f3n (8 a 17hs).<\/p>\t\t\t\t\t\t\t\t<\/div>\n\t\t\t\t<\/div>\n\t\t\t\t\t<\/div>\n\t\t<\/div>\n\t\t\t\t\t<\/div>\n\t\t<\/section>\n\t\t\t\t<\/div>\n\t\t","protected":false},"excerpt":{"rendered":"<p>Pol\u00edtica de Cambios \u00bfQu\u00e9 productos se pueden cambiar o devolver? \u00a0 \u00a0 \u00a0 \u00a0Se aceptan\u00a0cambios o devoluciones de productos por\u00a0Talle y Color del mismo modelo comporado.\u00a0No se cambia de modelo. Si el o los productos presentan alg\u00fan defecto de fabricaci\u00f3n o fueran despachados err\u00f3neamente, el usuario deber\u00e1 comunicarse con nosotros dentro del plazo de cinco [&hellip;]<\/p>\n","protected":false},"author":2,"featured_media":0,"parent":0,"menu_order":0,"comment_status":"closed","ping_status":"closed","template":"","meta":{"site-sidebar-layout":"no-sidebar","site-content-layout":"page-builder","ast-site-content-layout":"default","site-content-style":"default","site-sidebar-style":"default","ast-global-header-display":"","ast-banner-title-visibility":"","ast-main-header-display":"","ast-hfb-above-header-display":"","ast-hfb-below-header-display":"","ast-hfb-mobile-header-display":"","site-post-title":"disabled","ast-breadcrumbs-content":"","ast-featured-img":"disabled","footer-sml-layout":"","ast-disable-related-posts":"","theme-transparent-header-meta":"default","adv-header-id-meta":"","stick-header-meta":"","header-above-stick-meta":"","header-main-stick-meta":"","header-below-stick-meta":"","astra-migrate-meta-layouts":"default","ast-page-background-enabled":"default","ast-page-background-meta":{"desktop":{"background-color":"","background-image":"","background-repeat":"repeat","background-position":"center center","background-size":"auto","background-attachment":"scroll","background-type":"","background-media":"","overlay-type":"","overlay-color":"","overlay-opacity":"","overlay-gradient":""},"tablet":{"background-color":"","background-image":"","background-repeat":"repeat","background-position":"center center","background-size":"auto","background-attachment":"scroll","background-type":"","background-media":"","overlay-type":"","overlay-color":"","overlay-opacity":"","overlay-gradient":""},"mobile":{"background-color":"","background-image":"","background-repeat":"repeat","background-position":"center center","background-size":"auto","background-attachment":"scroll","background-type":"","background-media":"","overlay-type":"","overlay-color":"","overlay-opacity":"","overlay-gradient":""}},"ast-content-background-meta":{"desktop":{"background-color":"var(--ast-global-color-5)","background-image":"","background-repeat":"repeat","background-position":"center center","background-size":"auto","background-attachment":"scroll","background-type":"","background-media":"","overlay-type":"","overlay-color":"","overlay-opacity":"","overlay-gradient":""},"tablet":{"background-color":"var(--ast-global-color-5)","background-image":"","background-repeat":"repeat","background-position":"center center","background-size":"auto","background-attachment":"scroll","background-type":"","background-media":"","overlay-type":"","overlay-color":"","overlay-opacity":"","overlay-gradient":""},"mobile":{"background-color":"var(--ast-global-color-5)","background-image":"","background-repeat":"repeat","background-position":"center center","background-size":"auto","background-attachment":"scroll","background-type":"","background-media":"","overlay-type":"","overlay-color":"","overlay-opacity":"","overlay-gradient":""}},"footnotes":""},"class_list":["post-3994","page","type-page","status-publish","hentry"],"_links":{"self":[{"href":"https:\/\/calzasalipapamayorista.com.ar\/index.php?rest_route=\/wp\/v2\/pages\/3994","targetHints":{"allow":["GET"]}}],"collection":[{"href":"https:\/\/calzasalipapamayorista.com.ar\/index.php?rest_route=\/wp\/v2\/pages"}],"about":[{"href":"https:\/\/calzasalipapamayorista.com.ar\/index.php?rest_route=\/wp\/v2\/types\/page"}],"author":[{"embeddable":true,"href":"https:\/\/calzasalipapamayorista.com.ar\/index.php?rest_route=\/wp\/v2\/users\/2"}],"replies":[{"embeddable":true,"href":"https:\/\/calzasalipapamayorista.com.ar\/index.php?rest_route=%2Fwp%2Fv2%2Fcomments&post=3994"}],"version-history":[{"count":0,"href":"https:\/\/calzasalipapamayorista.com.ar\/index.php?rest_route=\/wp\/v2\/pages\/3994\/revisions"}],"wp:attachment":[{"href":"https:\/\/calzasalipapamayorista.com.ar\/index.php?rest_route=%2Fwp%2Fv2%2Fmedia&parent=3994"}],"curies":[{"name":"wp","href":"https:\/\/api.w.org\/{rel}","templated":true}]}}